{"id":5141,"date":"2025-10-02T06:55:50","date_gmt":"2025-10-02T06:55:50","guid":{"rendered":"https:\/\/packflow.info\/?page_id=5141"},"modified":"2026-01-08T07:35:27","modified_gmt":"2026-01-08T07:35:27","slug":"dashboard","status":"publish","type":"page","link":"https:\/\/packflow.info\/fr\/dashboard\/","title":{"rendered":"dashboard"},"content":{"rendered":"<div class=\"wp-block-uagb-container uagb-block-6j0rgokd alignfull uagb-is-root-container\"><div class=\"uagb-container-inner-blocks-wrap\">\n<div class=\"wp-block-uagb-info-box uagb-block-suxk7pdp uagb-infobox__content-wrap  uagb-infobox-icon-above-title uagb-infobox-image-valign-top\"><div class=\"uagb-ifb-content\"><div class=\"uagb-ifb-title-wrap\"><h1 class=\"uagb-ifb-title\">PACKFLOW DASHBOARD<\/h1><\/div><p class=\"uagb-ifb-desc\">Some DATA to drive some decisions<\/p><\/div><\/div>\n<\/div><\/div>\n\n\n\n<div style=\"height:50px\" aria-hidden=\"true\" class=\"wp-block-spacer\"><\/div>\n\n\n\n<div class=\"wp-block-essential-blocks-row alignfull  root-eb-row-prmkboa\"><div class=\"eb-parent-wrapper eb-parent-eb-row-prmkboa\"><div class=\"eb-row-root-container eb-row-prmkboa\" data-id=\"eb-row-prmkboa\"><div class=\"eb-row-wrapper\"><div class=\"eb-row-inner\">\n<div class=\"wp-block-essential-blocks-column  root-eb-column-trwta1r\"><div class=\"eb-parent-wrapper eb-parent-eb-column-trwta1r\"><div class=\"eb-column-wrapper eb-column-trwta1r\"><div class=\"eb-column-inner\">\n<div class=\"wp-block-essential-blocks-infobox  root-eb-infobox-sz609hm\"><div class=\"eb-parent-wrapper eb-parent-eb-infobox-sz609hm\"><div class=\"eb-infobox-sz609hm eb-infobox-wrapper\"><div class=\"infobox-wrapper-inner\"><div class=\"icon-img-wrapper\"><div class=\"eb-icon number-or-icon\"><span class=\"dashicon dashicons dashicons-admin-users eb-infobox-icon-data-selector\"><\/span><\/div><\/div><div class=\"contents-wrapper\"><h2 class=\"title\">1000+ MONTHLY PACKFLOW VISITORS<\/h2><p class=\"description\">Les leads que vous cherchez sont d\u00e9j\u00e0 ici<\/p><\/div><\/div><\/div><\/div><\/div>\n<\/div><\/div><\/div><\/div>\n\n\n\n<div class=\"wp-block-essential-blocks-column  root-eb-column-888bvsq\"><div class=\"eb-parent-wrapper eb-parent-eb-column-888bvsq\"><div class=\"eb-column-wrapper eb-column-888bvsq\"><div class=\"eb-column-inner\">\n<div class=\"wp-block-essential-blocks-infobox  root-eb-infobox-6303e3u\"><div class=\"eb-parent-wrapper eb-parent-eb-infobox-6303e3u\"><div class=\"eb-infobox-6303e3u eb-infobox-wrapper\"><div class=\"infobox-wrapper-inner\"><div class=\"icon-img-wrapper\"><div class=\"eb-icon number-or-icon\"><span class=\"dashicon dashicons dashicons-admin-users eb-infobox-icon-data-selector\"><\/span><\/div><\/div><div class=\"contents-wrapper\"><h2 class=\"title\">100+ FOURNISSEURS D\u00c9J\u00c0 DANS NOTRE BASE DE DONN\u00c9ES<\/h2><p class=\"description\">Notre base de donn\u00e9es est riche, de qualit\u00e9 et continue de cro\u00eetre<\/p><\/div><\/div><\/div><\/div><\/div>\n<\/div><\/div><\/div><\/div>\n\n\n\n<div class=\"wp-block-essential-blocks-column  root-eb-column-t0jego2\"><div class=\"eb-parent-wrapper eb-parent-eb-column-t0jego2\"><div class=\"eb-column-wrapper eb-column-t0jego2\"><div class=\"eb-column-inner\">\n<div class=\"wp-block-essential-blocks-infobox  root-eb-infobox-c26xi8y\"><div class=\"eb-parent-wrapper eb-parent-eb-infobox-c26xi8y\"><div class=\"eb-infobox-c26xi8y eb-infobox-wrapper\"><div class=\"infobox-wrapper-inner\"><div class=\"icon-img-wrapper\"><div class=\"eb-icon number-or-icon\"><span class=\"dashicon dashicons dashicons-admin-comments eb-infobox-icon-data-selector\"><\/span><\/div><\/div><div class=\"contents-wrapper\"><h2 class=\"title\">30+ DEMANDES ENVOY\u00c9ES VIA NOTRE SITE WEB<\/h2><p class=\"description\">Il n\u2019a jamais \u00e9t\u00e9 aussi facile de trouver votre fournisseur id\u00e9al<\/p><\/div><\/div><\/div><\/div><\/div>\n<\/div><\/div><\/div><\/div>\n<\/div><\/div><\/div><\/div><\/div>\n\n\n\n<div class=\"wp-block-uagb-container uagb-block-9ef0eebf alignfull uagb-is-root-container\"><div class=\"uagb-container-inner-blocks-wrap\">\n<div class=\"wp-block-uagb-container uagb-block-c1710c4c\">\n<div class=\"wp-block-uagb-container uagb-block-36ff0aac\">\n<div class=\"wp-block-uagb-advanced-heading uagb-block-1172041d\"><h2 class=\"uagb-heading-text\">Top Searched Products on Packflow<\/h2><\/div>\n\n\n\n<div class=\"wp-block-uagb-container uagb-block-2985e439\">\n<p class=\"has-text-align-left\" style=\"padding-top:0;padding-right:var(--wp--preset--spacing--40);padding-bottom:0;padding-left:var(--wp--preset--spacing--40)\">The doughnut graph represents the most searched produtcs on Packflow. It&#8217;s obtained taking account all the visitors of all the pages linked to a specific product.<\/p>\n<\/div>\n<\/div>\n<\/div>\n\n\n\n<div class=\"wp-block-uagb-container uag-hide-mob uagb-block-a7096709\"><!-- This site is using iChart - https:\/\/www.quantumcloud.com\/products\/ -->\r\n<div style=\"width:60%;margin:0 auto;\">\r\n\t<canvas id=\"myiChartproducts-search-distribution-1\"><\/canvas>\r\n<\/div>\r\n\t\r\n\r\n\n<\/div>\n\n\n\n<div class=\"wp-block-uagb-container uag-hide-desktop uag-hide-tab uagb-block-033beedc\"><!-- This site is using iChart - https:\/\/www.quantumcloud.com\/products\/ -->\r\n<div style=\"width:100%;margin:0 auto;\">\r\n\t<canvas id=\"myiChartproducts-search-distribution-2\"><\/canvas>\r\n<\/div>\r\n\t\r\n\r\n\n<\/div>\n<\/div><\/div>\n\n\n\n<div class=\"wp-block-uagb-container uagb-block-3823b33e alignfull uagb-is-root-container\"><div class=\"uagb-container-inner-blocks-wrap\">\n<div class=\"wp-block-uagb-container uagb-block-fc9e9b01\">\n<div class=\"wp-block-uagb-container uagb-block-ef16597c\">\n<div class=\"wp-block-uagb-advanced-heading uagb-block-c0cd03b5\"><h2 class=\"uagb-heading-text\">Turnkey Trend in Search<\/h2><\/div>\n\n\n\n<p style=\"padding-right:var(--wp--preset--spacing--40);padding-left:var(--wp--preset--spacing--40)\">The bar graph represents the most searched equipment on Packflow. It&#8217;s obtained taking account all the visitors of all the pages linked to a specific equipment class. It highlights how the trend for turnkey solutions is taking space in customers reasearches<\/p>\n<\/div>\n<\/div>\n\n\n\n<div class=\"wp-block-uagb-container uag-hide-desktop uag-hide-tab uagb-block-63269630\"><!-- This site is using iChart - https:\/\/www.quantumcloud.com\/products\/ -->\r\n<div style=\"width:100%;margin:0 auto;\">\r\n\t<canvas id=\"myiChartturnkey-trends-3\"><\/canvas>\r\n<\/div>\r\n\t\r\n\r\n\n<\/div>\n\n\n\n<div class=\"wp-block-uagb-container uag-hide-mob uagb-block-a968f186\"><!-- This site is using iChart - https:\/\/www.quantumcloud.com\/products\/ -->\r\n<div style=\"width:60%;margin:0 auto;\">\r\n\t<canvas id=\"myiChartturnkey-trends-4\"><\/canvas>\r\n<\/div>\r\n\t\r\n\r\n\n<\/div>\n<\/div><\/div>\n\n\n\n<div class=\"wp-block-uagb-container uagb-block-12fb31e4 alignfull uagb-is-root-container\"><div class=\"uagb-container-inner-blocks-wrap\">\n<div class=\"wp-block-uagb-container uagb-block-d60d45c3\">\n<div class=\"wp-block-uagb-container uagb-block-76edf0b1\">\n<div class=\"wp-block-uagb-advanced-heading uagb-block-542f63c3\"><h2 class=\"uagb-heading-text\">Top Searched Containers on Packflow<\/h2><\/div>\n\n\n\n<p style=\"padding-right:var(--wp--preset--spacing--40);padding-left:var(--wp--preset--spacing--40)\">The doughnut graph represents the most searched containers on Packflow. It&#8217;s obtained taking account all the visitors of all the pages linked to a specific container.<\/p>\n<\/div>\n<\/div>\n\n\n\n<div class=\"wp-block-uagb-container uag-hide-desktop uag-hide-tab uagb-block-ea8dfcb0\"><!-- This site is using iChart - https:\/\/www.quantumcloud.com\/products\/ -->\r\n<div style=\"width:100%;margin:0 auto;\">\r\n\t<canvas id=\"myiChartcontainers-search-distribution-5\"><\/canvas>\r\n<\/div>\r\n\t\r\n\r\n\n<\/div>\n\n\n\n<div class=\"wp-block-uagb-container uag-hide-mob uagb-block-d10b1e55\"><!-- This site is using iChart - https:\/\/www.quantumcloud.com\/products\/ -->\r\n<div style=\"width:60%;margin:0 auto;\">\r\n\t<canvas id=\"myiChartcontainers-search-distribution-6\"><\/canvas>\r\n<\/div>\r\n\t\r\n\r\n\n<\/div>\n<\/div><\/div>\n\n\n\n<div class=\"wp-block-uagb-container uagb-block-1b2ac3a1 alignfull uagb-is-root-container\"><div class=\"uagb-container-inner-blocks-wrap\">\n<div class=\"wp-block-uagb-container uagb-block-af66f301\">\n<div class=\"wp-block-uagb-container uagb-block-dd73b8d6\">\n<div class=\"wp-block-uagb-advanced-heading uagb-block-011396de\"><h2 class=\"uagb-heading-text\">Geographic Distribution of Visitors<\/h2><\/div>\n\n\n\n<p style=\"padding-top:0;padding-right:var(--wp--preset--spacing--40);padding-bottom:0;padding-left:var(--wp--preset--spacing--40)\">The bar graph represents the geographic distribution of the visitors on Packflow. It&#8217;s obtained through a continuous data collection<\/p>\n<\/div>\n<\/div>\n\n\n\n<div class=\"wp-block-uagb-container uag-hide-mob uagb-block-b6714797\"><!-- This site is using iChart - https:\/\/www.quantumcloud.com\/products\/ -->\r\n<div style=\"width:60%;margin:0 auto;\">\r\n\t<canvas id=\"myiChartgeographic-distribution-7\"><\/canvas>\r\n<\/div>\r\n\t\r\n\r\n\n<\/div>\n\n\n\n<div class=\"wp-block-uagb-container uag-hide-desktop uag-hide-tab uagb-block-aadbdb65\"><!-- This site is using iChart - https:\/\/www.quantumcloud.com\/products\/ -->\r\n<div style=\"width:100%;margin:0 auto;\">\r\n\t<canvas id=\"myiChartgeographic-distributio-8\"><\/canvas>\r\n<\/div>\r\n\t\r\n\r\n\n<\/div>\n<\/div><\/div>\n\n\n\n<div class=\"wp-block-uagb-container uagb-block-vrqrxwn6 alignfull uagb-is-root-container\"><div class=\"uagb-container-inner-blocks-wrap\">\n<div class=\"wp-block-columns is-layout-flex wp-container-core-columns-is-layout-1 wp-block-columns-is-layout-flex\">\n<div class=\"wp-block-column is-layout-flow wp-block-column-is-layout-flow\">\n<div class=\"wp-block-uagb-info-box uagb-block-xggyjz3n uagb-infobox__content-wrap  uagb-infobox-icon-above-title uagb-infobox-image-valign-top\"><div class=\"uagb-ifb-content\"><div class=\"uagb-ifb-title-wrap\"><h1 class=\"uagb-ifb-title\">\u00cates-vous un fournisseur\u202f?<\/h1><\/div><\/div><\/div>\n\n\n\n<figure class=\"wp-block-image size-large is-resized uag-hide-mob\" style=\"margin-top:0;margin-bottom:0\"><img loading=\"lazy\" decoding=\"async\" width=\"1024\" height=\"383\" src=\"https:\/\/packflow.info\/wp-content\/uploads\/2025\/05\/cropped-cropped-PackFl-ow-1-1-1024x383.png\" alt=\"\" class=\"wp-image-2248\" style=\"width:190px;height:auto\" srcset=\"https:\/\/packflow.info\/wp-content\/uploads\/2025\/05\/cropped-cropped-PackFl-ow-1-1-1024x383.png 1024w, https:\/\/packflow.info\/wp-content\/uploads\/2025\/05\/cropped-cropped-PackFl-ow-1-1-300x112.png 300w, https:\/\/packflow.info\/wp-content\/uploads\/2025\/05\/cropped-cropped-PackFl-ow-1-1-768x287.png 768w, https:\/\/packflow.info\/wp-content\/uploads\/2025\/05\/cropped-cropped-PackFl-ow-1-1-1536x575.png 1536w, https:\/\/packflow.info\/wp-content\/uploads\/2025\/05\/cropped-cropped-PackFl-ow-1-1-18x7.png 18w, https:\/\/packflow.info\/wp-content\/uploads\/2025\/05\/cropped-cropped-PackFl-ow-1-1-188x70.png 188w, https:\/\/packflow.info\/wp-content\/uploads\/2025\/05\/cropped-cropped-PackFl-ow-1-1.png 1598w\" sizes=\"auto, (max-width: 1024px) 100vw, 1024px\" \/><\/figure>\n<\/div>\n<\/div>\n\n\n\n<div class=\"wp-block-uagb-container uagb-block-23c178a2\">\n<div class=\"wp-block-columns is-layout-flex wp-container-core-columns-is-layout-2 wp-block-columns-is-layout-flex\">\n<div class=\"wp-block-column is-layout-flow wp-block-column-is-layout-flow\">\n<div class=\"wp-block-uagb-info-box uagb-block-bx2kjosw uagb-infobox__content-wrap  uagb-infobox-icon-above-title uagb-infobox-image-valign-top wp-block-uagb-info-box--has-margin\"><div class=\"uagb-infobox-margin-wrapper\"><div class=\"uagb-ifb-content\"><div class=\"uagb-ifb-title-wrap\"><\/div><p class=\"uagb-ifb-desc\">Assurons-nous que vous \u00eates dans notre base de donn\u00e9es, contactez-nous d\u00e8s aujourd\u2019hui\u202f!<\/p><\/div><\/div><\/div>\n\n\n\n<div class=\"wp-block-uagb-buttons uagb-buttons__outer-wrap uagb-btn__default-btn uagb-btn-tablet__default-btn uagb-btn-mobile__default-btn uagb-block-ea8549ac\"><div class=\"uagb-buttons__wrap uagb-buttons-layout-wrap\">\n<div class=\"wp-block-uagb-buttons-child uagb-buttons__outer-wrap uagb-block-8f2fbe1a wp-block-button\"><div class=\"uagb-button__wrapper\"><a class=\"uagb-buttons-repeater wp-block-button__link\" aria-label=\"\" href=\"https:\/\/packflow.info\/fr\/packflow-join-us\/\" rel=\"follow noopener\" target=\"_self\" role=\"button\"><div class=\"uagb-button__link\">REJOINDRE<\/div><\/a><\/div><\/div>\n<\/div><\/div>\n<\/div>\n<\/div>\n<\/div>\n<\/div><\/div>\n\n\n\n<div class=\"wp-block-uagb-container uagb-block-364f63e3 alignfull uagb-is-root-container\"><div class=\"uagb-container-inner-blocks-wrap\">\n<div class=\"wp-block-uagb-image uagb-block-d9f3d372 wp-block-uagb-image--layout-default wp-block-uagb-image--effect-static wp-block-uagb-image--align-none uag-hide-desktop uag-hide-tab\"><figure class=\"wp-block-uagb-image__figure\"><img decoding=\"async\" srcset=\"https:\/\/packflow.info\/wp-content\/uploads\/2025\/05\/cropped-PackFl-ow-1-1024x341.png ,https:\/\/packflow.info\/wp-content\/uploads\/2025\/05\/cropped-PackFl-ow-1.png 780w, https:\/\/packflow.info\/wp-content\/uploads\/2025\/05\/cropped-PackFl-ow-1.png 360w\" sizes=\"auto, (max-width: 480px) 150px\" src=\"https:\/\/packflow.info\/wp-content\/uploads\/2025\/05\/cropped-PackFl-ow-1-1024x341.png\" alt=\"\" class=\"uag-image-2244\" width=\"150\" height=\"50\" title=\"cropped-PackFl-ow-1.png\" loading=\"lazy\" role=\"img\"\/><\/figure><\/div>\n<\/div><\/div>","protected":false},"excerpt":{"rendered":"<p>Top Searched Products on Packflow The doughnut graph represents the most searched produtcs on Packflow. It&#8217;s obtained taking account all [&hellip;]<\/p>","protected":false},"author":1,"featured_media":0,"parent":0,"menu_order":0,"comment_status":"closed","ping_status":"closed","template":"","meta":{"_eb_attr":"","inline_featured_image":false,"_uag_custom_page_level_css":"","_monsterinsights_skip_tracking":false,"_monsterinsights_sitenote_active":false,"_monsterinsights_sitenote_note":"","_monsterinsights_sitenote_category":0,"site-sidebar-layout":"default","site-content-layout":"","ast-site-content-layout":"","site-content-style":"default","site-sidebar-style":"default","ast-global-header-display":"","ast-banner-title-visibility":"","ast-main-header-display":"","ast-hfb-above-header-display":"","ast-hfb-below-header-display":"","ast-hfb-mobile-header-display":"","site-post-title":"disabled","ast-breadcrumbs-content":"","ast-featured-img":"","footer-sml-layout":"","ast-disable-related-posts":"","theme-transparent-header-meta":"","adv-header-id-meta":"","stick-header-meta":"","header-above-stick-meta":"","header-main-stick-meta":"","header-below-stick-meta":"","astra-migrate-meta-layouts":"default","ast-page-background-enabled":"default","ast-page-background-meta":{"desktop":{"background-color":"var(--ast-global-color-4)","background-image":"","background-repeat":"repeat","background-position":"center center","background-size":"auto","background-attachment":"scroll","background-type":"","background-media":"","overlay-type":"","overlay-color":"","overlay-opacity":"","overlay-gradient":""},"tablet":{"background-color":"","background-image":"","background-repeat":"repeat","background-position":"center center","background-size":"auto","background-attachment":"scroll","background-type":"","background-media":"","overlay-type":"","overlay-color":"","overlay-opacity":"","overlay-gradient":""},"mobile":{"background-color":"","background-image":"","background-repeat":"repeat","background-position":"center center","background-size":"auto","background-attachment":"scroll","background-type":"","background-media":"","overlay-type":"","overlay-color":"","overlay-opacity":"","overlay-gradient":""}},"ast-content-background-meta":{"desktop":{"background-color":"var(--ast-global-color-5)","background-image":"","background-repeat":"repeat","background-position":"center center","background-size":"auto","background-attachment":"scroll","background-type":"","background-media":"","overlay-type":"","overlay-color":"","overlay-opacity":"","overlay-gradient":""},"tablet":{"background-color":"var(--ast-global-color-5)","background-image":"","background-repeat":"repeat","background-position":"center center","background-size":"auto","background-attachment":"scroll","background-type":"","background-media":"","overlay-type":"","overlay-color":"","overlay-opacity":"","overlay-gradient":""},"mobile":{"background-color":"var(--ast-global-color-5)","background-image":"","background-repeat":"repeat","background-position":"center center","background-size":"auto","background-attachment":"scroll","background-type":"","background-media":"","overlay-type":"","overlay-color":"","overlay-opacity":"","overlay-gradient":""}},"iawp_total_views":55,"footnotes":""},"class_list":["post-5141","page","type-page","status-publish","hentry"],"aioseo_notices":[],"uagb_featured_image_src":{"full":false,"thumbnail":false,"medium":false,"medium_large":false,"large":false,"1536x1536":false,"2048x2048":false,"trp-custom-language-flag":false},"uagb_author_info":{"display_name":"michele.sabbadin@gmail.com","author_link":"https:\/\/packflow.info\/fr\/author\/michele-sabbadingmail-com\/"},"uagb_comment_info":0,"uagb_excerpt":"Top Searched Products on Packflow The doughnut graph represents the most searched produtcs on Packflow. It&#8217;s obtained taking account all [&hellip;]","_links":{"self":[{"href":"https:\/\/packflow.info\/fr\/wp-json\/wp\/v2\/pages\/5141","targetHints":{"allow":["GET"]}}],"collection":[{"href":"https:\/\/packflow.info\/fr\/wp-json\/wp\/v2\/pages"}],"about":[{"href":"https:\/\/packflow.info\/fr\/wp-json\/wp\/v2\/types\/page"}],"author":[{"embeddable":true,"href":"https:\/\/packflow.info\/fr\/wp-json\/wp\/v2\/users\/1"}],"replies":[{"embeddable":true,"href":"https:\/\/packflow.info\/fr\/wp-json\/wp\/v2\/comments?post=5141"}],"version-history":[{"count":66,"href":"https:\/\/packflow.info\/fr\/wp-json\/wp\/v2\/pages\/5141\/revisions"}],"predecessor-version":[{"id":5471,"href":"https:\/\/packflow.info\/fr\/wp-json\/wp\/v2\/pages\/5141\/revisions\/5471"}],"wp:attachment":[{"href":"https:\/\/packflow.info\/fr\/wp-json\/wp\/v2\/media?parent=5141"}],"curies":[{"name":"wp","href":"https:\/\/api.w.org\/{rel}","templated":true}]}}