{"id":1840,"date":"2025-05-19T08:09:17","date_gmt":"2025-05-19T08:09:17","guid":{"rendered":"https:\/\/packflow.info\/?page_id=1840"},"modified":"2025-09-06T07:09:27","modified_gmt":"2025-09-06T07:09:27","slug":"packflow-join-us","status":"publish","type":"page","link":"https:\/\/packflow.info\/es\/packflow-unete-a-nosotros\/","title":{"rendered":"PackFlow &#8211; Join us"},"content":{"rendered":"<div class=\"wp-block-uagb-container uagb-block-83619173 alignfull uagb-is-root-container\"><div class=\"uagb-container-inner-blocks-wrap\">\n<div class=\"wp-block-uagb-info-box uagb-block-62021f15 uagb-infobox__content-wrap  uagb-infobox-icon-above-title uagb-infobox-image-valign-top\"><div class=\"uagb-ifb-content\"><div class=\"uagb-ifb-title-wrap\"><h1 class=\"uagb-ifb-title\">\u00daNETE<\/h1><\/div><\/div><\/div>\n<\/div><\/div>\n\n\n\n<div class=\"wp-block-uagb-container uagb-block-652e9c14 alignfull uagb-is-root-container\"><div class=\"uagb-container-inner-blocks-wrap\">\n<div class=\"wp-block-uagb-call-to-action uagb-block-b32f2f4b wp-block-button\"><div class=\"uagb-cta__wrap\"><h3 class=\"uagb-cta__title\">\u00bfEs usted distribuidor\/agente?<\/h3><p class=\"uagb-cta__desc\">Para usted es diferente, haga clic en el enlace de la derecha para registrar su empresa como distribuidor\/agente<\/p><\/div><div class=\"uagb-cta__buttons\"><a href=\"#registrationdistributors\" class=\"uagb-cta__button-link-wrapper wp-block-button__link\" target=\"_self\" rel=\"noopener noreferrer\">INSCRIPCI\u00d3N<\/a><\/div><\/div>\n<\/div><\/div>\n\n\n\n<div class=\"wp-block-essential-blocks-wrapper alignfull  root-eb-wrapper-ay62d7d\"><div class=\"eb-parent-wrapper eb-parent-eb-wrapper-ay62d7d\"><div class=\"eb-wrapper-outer eb-wrapper-ay62d7d\"><div class=\"eb-wrapper-inner\"><div class=\"eb-wrapper-inner-blocks eb-wrapper-align-center\">\n<div class=\"wp-block-essential-blocks-advanced-heading  root-eb-advance-heading-wbxnz6o\"><div class=\"eb-parent-wrapper eb-parent-eb-advance-heading-wbxnz6o\"><div class=\"eb-advance-heading-wrapper eb-advance-heading-wbxnz6o button-1 undefined\" data-id=\"eb-advance-heading-wbxnz6o\"><h2 class=\"eb-ah-title\"><span class=\"first-title\">Inscripci\u00f3n<\/span><\/h2><\/div><\/div><\/div>\n\n\n\n<div class=\"wp-block-essential-blocks-advanced-heading  root-eb-advance-heading-2ewjwyq\"><div class=\"eb-parent-wrapper eb-parent-eb-advance-heading-2ewjwyq\"><div class=\"eb-advance-heading-wrapper eb-advance-heading-2ewjwyq button-1 undefined\" data-id=\"eb-advance-heading-2ewjwyq\"><p class=\"eb-ah-title\"><span class=\"first-title\">\u00bfQu\u00e9 es lo mejor para tu negocio?<\/span><\/p><\/div><\/div><\/div>\n\n\n\n<div class=\"wp-block-essential-blocks-wrapper alignfull  root-eb-wrapper-9z3njs4\"><div class=\"eb-parent-wrapper eb-parent-eb-wrapper-9z3njs4\"><div class=\"eb-wrapper-outer eb-wrapper-9z3njs4\"><div class=\"eb-wrapper-inner\"><div class=\"eb-wrapper-inner-blocks eb-wrapper-align-center\">\n<div class=\"wp-block-essential-blocks-wrapper alignfull  root-eb-wrapper-ycz02zt\"><div class=\"eb-parent-wrapper eb-parent-eb-wrapper-ycz02zt\"><div class=\"eb-wrapper-outer eb-wrapper-ycz02zt\"><div class=\"eb-wrapper-inner\"><div class=\"eb-wrapper-inner-blocks eb-wrapper-align-center\">\n<div class=\"wp-block-essential-blocks-row alignfull  root-eb-row-i6e6qbf\"><div class=\"eb-parent-wrapper eb-parent-eb-row-i6e6qbf\"><div class=\"eb-row-root-container eb-row-i6e6qbf\" data-id=\"eb-row-i6e6qbf\"><div class=\"eb-row-wrapper\"><div class=\"eb-row-inner\">\n<div class=\"wp-block-essential-blocks-column  root-eb-column-71fpz7e\"><div class=\"eb-parent-wrapper eb-parent-eb-column-71fpz7e\"><div class=\"eb-column-wrapper eb-column-71fpz7e\"><div class=\"eb-column-inner\">\n<div class=\"wp-block-essential-blocks-pricing-table  root-eb-pricing-qyd3o10\"><div class=\"eb-parent-wrapper eb-parent-eb-pricing-qyd3o10\"><div class=\"eb-pricing-qyd3o10 eb-pricing-wrapper eb-pricing-content-center\"><div class=\"eb-pricing style-1\"><div class=\"eb-pricing-item\"><div class=\"eb-pricing-item-overlay\"><\/div><div class=\"eb-pricing-header\"><h2 class=\"eb-pricing-title\">Basic<\/h2><\/div><div class=\"eb-pricing-tag\"><span class=\"price-tag\"><span class=\"original-price\" data-price=\"FREE\"><span class=\"price-currency\"><\/span>FREE<\/span><\/span><span class=\"price-period\" data-period-separator=\"\" data-price-period=\"\"> <\/span><\/div><div class=\"eb-pricing-body\"><ul class=\"eb-pricebox-features\"><li class=\"eb-pricebox-feature-item\" data-icon=\"\" data-color=\"#03bb89\" data-clickable=\"false\" data-link=\"\"><span class=\"eb-pricebox-feature-text\">Solo tienes que registrar tu empresa. Gratis durante el periodo de lanzamiento. Informe anual de PackFlow<\/span><\/li><\/ul><\/div><div class=\"eb-pricing-footer\" data-icon=\"\"><div class=\"eb-pricing-button-wrapper\"><a href=\"https:\/\/packflow.info\/es\/packflow-unete-a-nosotros-suscripcion-basica\/\" class=\"eb-pricing-button\"><span class=\"eb-button-text\">Probemos<\/span><\/a><\/div><\/div><\/div><\/div><\/div><\/div><\/div>\n<\/div><\/div><\/div><\/div>\n\n\n\n<div class=\"wp-block-essential-blocks-column  root-eb-column-u2mpn2m\"><div class=\"eb-parent-wrapper eb-parent-eb-column-u2mpn2m\"><div class=\"eb-column-wrapper eb-column-u2mpn2m\"><div class=\"eb-column-inner\">\n<div class=\"wp-block-essential-blocks-pricing-table  root-eb-pricing-9gih3kv\"><div class=\"eb-parent-wrapper eb-parent-eb-pricing-9gih3kv\"><div class=\"eb-pricing-9gih3kv eb-pricing-wrapper eb-pricing-content-center\"><div class=\"eb-pricing style-1\"><div class=\"eb-pricing-item\"><div class=\"eb-pricing-item-overlay\"><\/div><div class=\"eb-pricing-header\"><h2 class=\"eb-pricing-title\">Premium<\/h2><\/div><div class=\"eb-pricing-tag\"><span class=\"price-tag\"><span class=\"original-price\" data-price=\"FREE\"><span class=\"price-currency\"><\/span>FREE<\/span><\/span><span class=\"price-period\" data-period-separator=\"\" data-price-period=\"\"> <\/span><\/div><div class=\"eb-pricing-body\"><ul class=\"eb-pricebox-features\"><li class=\"eb-pricebox-feature-item\" data-icon=\"\" data-color=\"#03bb89\" data-clickable=\"false\" data-link=\"\"><span class=\"eb-pricebox-feature-text\">A\u00f1ade tu logotipo, contenidos multimedia y mucho m\u00e1s. Recibe un informe personalizado cada 3 meses. Gratis durante el periodo BETA<\/span><\/li><\/ul><\/div><div class=\"eb-pricing-footer\" data-icon=\"\"><div class=\"eb-pricing-button-wrapper\"><a href=\"https:\/\/packflow.info\/es\/packflow-unete-a-nosotros-suscripcion-premium\/\" class=\"eb-pricing-button\"><span class=\"eb-button-text\">Probemos<\/span><\/a><\/div><\/div><\/div><\/div><\/div><\/div><\/div>\n<\/div><\/div><\/div><\/div>\n\n\n\n<div class=\"wp-block-essential-blocks-column  root-eb-column-mnlqqhn\"><div class=\"eb-parent-wrapper eb-parent-eb-column-mnlqqhn\"><div class=\"eb-column-wrapper eb-column-mnlqqhn\"><div class=\"eb-column-inner\">\n<div class=\"wp-block-essential-blocks-pricing-table  root-eb-pricing-sozsfe8\"><div class=\"eb-parent-wrapper eb-parent-eb-pricing-sozsfe8\"><div class=\"eb-pricing-sozsfe8 eb-pricing-wrapper eb-pricing-content-center\"><div class=\"eb-pricing style-1\"><div class=\"eb-pricing-item\"><div class=\"eb-pricing-item-overlay\"><\/div><div class=\"eb-pricing-header\"><h2 class=\"eb-pricing-title\">Pro<\/h2><\/div><div class=\"eb-pricing-tag\"><span class=\"price-tag\"><span class=\"original-price\" data-price=\"FREE\"><span class=\"price-currency\"><\/span>FREE<\/span><\/span><span class=\"price-period\" data-period-separator=\"\" data-price-period=\"\"> <\/span><\/div><div class=\"eb-pricing-body\"><ul class=\"eb-pricebox-features\"><li class=\"eb-pricebox-feature-item\" data-icon=\"\" data-color=\"#03bb89\" data-clickable=\"false\" data-link=\"\"><span class=\"eb-pricebox-feature-text\">Destaca entre la multitud: Pro te permite aparecer destacado y ser visto en primer lugar. Obt\u00e9n un informe mensual personalizado<\/span><\/li><\/ul><\/div><div class=\"eb-pricing-footer\" data-icon=\"\"><div class=\"eb-pricing-button-wrapper\"><a href=\"https:\/\/packflow.info\/es\/packflow-join-us-pro-subscription\/\" class=\"eb-pricing-button\"><span class=\"eb-button-text\">LET&#8217;S TRY<\/span><\/a><\/div><\/div><\/div><\/div><\/div><\/div><\/div>\n<\/div><\/div><\/div><\/div>\n<\/div><\/div><\/div><\/div><\/div>\n<\/div><\/div><\/div><\/div><\/div>\n<\/div><\/div><\/div><\/div><\/div>\n<\/div><\/div><\/div><\/div><\/div>\n\n\n\n<div class=\"wp-block-uagb-call-to-action uagb-block-105f6c5a\"><div class=\"uagb-cta__wrap\"><h3 class=\"uagb-cta__title\">\u00bfQu\u00e9 informes se incluyen?<\/h3><p class=\"uagb-cta__desc\">Descargue la plantilla que aparece a continuaci\u00f3n para comprender c\u00f3mo ser\u00e1 el informe que recibir\u00e1<\/p><\/div><div class=\"uagb-cta__buttons\"><\/div><\/div>\n\n\n\n<div class=\"wp-block-uagb-container uagb-block-ea54625c alignfull uagb-is-root-container\"><div class=\"uagb-container-inner-blocks-wrap\">\n<div class=\"wp-block-file\" style=\"margin-right:var(--wp--preset--spacing--50);margin-left:var(--wp--preset--spacing--50);padding-right:0;padding-left:0\"><a href=\"https:\/\/packflow.info\/wp-content\/uploads\/2025\/06\/Feedback-from-PackFlow.pdf\" class=\"wp-block-file__button wp-element-button\" download>PREMIUM\/PRO REPORT<\/a><\/div>\n<\/div><\/div>\n\n\n\n<div class=\"wp-block-uagb-container uagb-block-dec54462 alignfull uagb-is-root-container\"><div class=\"uagb-container-inner-blocks-wrap\">\n<div class=\"wp-block-file\" style=\"margin-right:var(--wp--preset--spacing--50);margin-left:var(--wp--preset--spacing--50);padding-right:0;padding-left:0\"><a href=\"https:\/\/packflow.info\/wp-content\/uploads\/2025\/06\/Feedback-from-PackFlow-Yearly.pdf\" class=\"wp-block-file__button wp-element-button\" download>BASIC  YEARLY REPORT <\/a><\/div>\n<\/div><\/div>\n\n\n\n<hr class=\"wp-block-separator has-alpha-channel-opacity is-style-wide\"\/>\n\n\n\n<p><\/p>\n\n\n\n<div class=\"wp-block-essential-blocks-wrapper alignfull  root-eb-wrapper-3gq2a\" id=\"registrationdistributors\"><div class=\"eb-parent-wrapper eb-parent-eb-wrapper-3gq2a\"><div class=\"eb-wrapper-outer eb-wrapper-3gq2a\"><div class=\"eb-wrapper-inner\"><div class=\"eb-wrapper-inner-blocks eb-wrapper-align-center\">\n<div class=\"wp-block-essential-blocks-advanced-heading  root-eb-advance-heading-iwx0e\"><div class=\"eb-parent-wrapper eb-parent-eb-advance-heading-iwx0e\"><div class=\"eb-advance-heading-wrapper eb-advance-heading-iwx0e button-1 undefined\" data-id=\"eb-advance-heading-iwx0e\"><h2 class=\"eb-ah-title\"><span class=\"first-title\">Registro \u2013 Distribuidores<\/span><\/h2><\/div><\/div><\/div>\n\n\n\n<div class=\"wp-block-essential-blocks-advanced-heading  root-eb-advance-heading-uuao6\"><div class=\"eb-parent-wrapper eb-parent-eb-advance-heading-uuao6\"><div class=\"eb-advance-heading-wrapper eb-advance-heading-uuao6 button-1 undefined\" data-id=\"eb-advance-heading-uuao6\"><p class=\"eb-ah-title\"><span class=\"first-title\">\u00bfQu\u00e9 es lo mejor para tu negocio?<\/span><\/p><\/div><\/div><\/div>\n\n\n\n<div class=\"wp-block-essential-blocks-wrapper alignfull  root-eb-wrapper-5v2wu\"><div class=\"eb-parent-wrapper eb-parent-eb-wrapper-5v2wu\"><div class=\"eb-wrapper-outer eb-wrapper-5v2wu\"><div class=\"eb-wrapper-inner\"><div class=\"eb-wrapper-inner-blocks eb-wrapper-align-center\">\n<div class=\"wp-block-essential-blocks-wrapper alignfull  root-eb-wrapper-xh3ww\"><div class=\"eb-parent-wrapper eb-parent-eb-wrapper-xh3ww\"><div class=\"eb-wrapper-outer eb-wrapper-xh3ww\"><div class=\"eb-wrapper-inner\"><div class=\"eb-wrapper-inner-blocks eb-wrapper-align-center\">\n<div class=\"wp-block-essential-blocks-row alignfull  root-eb-row-l1yfj\"><div class=\"eb-parent-wrapper eb-parent-eb-row-l1yfj\"><div class=\"eb-row-root-container eb-row-l1yfj\" data-id=\"eb-row-l1yfj\"><div class=\"eb-row-wrapper\"><div class=\"eb-row-inner\">\n<div class=\"wp-block-essential-blocks-column  root-eb-column-l91ev\"><div class=\"eb-parent-wrapper eb-parent-eb-column-l91ev\"><div class=\"eb-column-wrapper eb-column-l91ev\"><div class=\"eb-column-inner\">\n<div class=\"wp-block-essential-blocks-pricing-table  root-eb-pricing-axsu8\"><div class=\"eb-parent-wrapper eb-parent-eb-pricing-axsu8\"><div class=\"eb-pricing-axsu8 eb-pricing-wrapper eb-pricing-content-center\"><div class=\"eb-pricing style-1\"><div class=\"eb-pricing-item\"><div class=\"eb-pricing-item-overlay\"><\/div><div class=\"eb-pricing-header\"><h2 class=\"eb-pricing-title\">Basic<\/h2><\/div><div class=\"eb-pricing-tag\"><span class=\"price-tag\"><span class=\"original-price\" data-price=\"FREE\"><span class=\"price-currency\"><\/span>FREE<\/span><\/span><span class=\"price-period\" data-period-separator=\"\" data-price-period=\"\"> <\/span><\/div><div class=\"eb-pricing-body\"><ul class=\"eb-pricebox-features\"><li class=\"eb-pricebox-feature-item\" data-icon=\"\" data-color=\"#03bb89\" data-clickable=\"false\" data-link=\"\"><span class=\"eb-pricebox-feature-text\">Solo tienes que incluir tu empresa con una breve descripci\u00f3n<\/span><\/li><\/ul><\/div><div class=\"eb-pricing-footer\" data-icon=\"\"><div class=\"eb-pricing-button-wrapper\"><a href=\"#\" class=\"eb-pricing-button\"><span class=\"eb-button-text\">PR\u00d3XIMAMENTE<\/span><\/a><\/div><\/div><\/div><\/div><\/div><\/div><\/div>\n<\/div><\/div><\/div><\/div>\n\n\n\n<div class=\"wp-block-essential-blocks-column  root-eb-column-rd8ci\"><div class=\"eb-parent-wrapper eb-parent-eb-column-rd8ci\"><div class=\"eb-column-wrapper eb-column-rd8ci\"><div class=\"eb-column-inner\">\n<div class=\"wp-block-essential-blocks-pricing-table  root-eb-pricing-jlxhc\"><div class=\"eb-parent-wrapper eb-parent-eb-pricing-jlxhc\"><div class=\"eb-pricing-jlxhc eb-pricing-wrapper eb-pricing-content-center\"><div class=\"eb-pricing style-1\"><div class=\"eb-pricing-item\"><div class=\"eb-pricing-item-overlay\"><\/div><div class=\"eb-pricing-header\"><h2 class=\"eb-pricing-title\">Premium<\/h2><\/div><div class=\"eb-pricing-tag\"><span class=\"price-tag\"><span class=\"original-price\" data-price=\"FREE\"><span class=\"price-currency\"><\/span>FREE<\/span><\/span><span class=\"price-period\" data-period-separator=\"\" data-price-period=\"\"> <\/span><\/div><div class=\"eb-pricing-body\"><ul class=\"eb-pricebox-features\"><li class=\"eb-pricebox-feature-item\" data-icon=\"\" data-color=\"#03bb89\" data-clickable=\"false\" data-link=\"\"><span class=\"eb-pricebox-feature-text\">A\u00f1ade tu logotipo, obt\u00e9n un informe anual personalizado y recibe consultas directamente de Packflow<\/span><\/li><\/ul><\/div><div class=\"eb-pricing-footer\" data-icon=\"\"><div class=\"eb-pricing-button-wrapper\"><a href=\"https:\/\/packflow.info\/es\/premium-subscription-distributor\/\" class=\"eb-pricing-button\"><span class=\"eb-button-text\">INSCRIPCI\u00d3N<\/span><\/a><\/div><\/div><\/div><\/div><\/div><\/div><\/div>\n<\/div><\/div><\/div><\/div>\n\n\n\n<div class=\"wp-block-essential-blocks-column  root-eb-column-xzcb1\"><div class=\"eb-parent-wrapper eb-parent-eb-column-xzcb1\"><div class=\"eb-column-wrapper eb-column-xzcb1\"><div class=\"eb-column-inner\"><\/div><\/div><\/div><\/div>\n<\/div><\/div><\/div><\/div><\/div>\n<\/div><\/div><\/div><\/div><\/div>\n<\/div><\/div><\/div><\/div><\/div>\n<\/div><\/div><\/div><\/div><\/div>","protected":false},"excerpt":{"rendered":"","protected":false},"author":1,"featured_media":0,"parent":0,"menu_order":0,"comment_status":"closed","ping_status":"closed","template":"","meta":{"_eb_attr":"","inline_featured_image":false,"_uag_custom_page_level_css":"","_monsterinsights_skip_tracking":false,"_monsterinsights_sitenote_active":false,"_monsterinsights_sitenote_note":"","_monsterinsights_sitenote_category":0,"site-sidebar-layout":"default","site-content-layout":"","ast-site-content-layout":"full-width-container","site-content-style":"default","site-sidebar-style":"default","ast-global-header-display":"","ast-banner-title-visibility":"","ast-main-header-display":"","ast-hfb-above-header-display":"","ast-hfb-below-header-display":"","ast-hfb-mobile-header-display":"","site-post-title":"disabled","ast-breadcrumbs-content":"","ast-featured-img":"","footer-sml-layout":"","ast-disable-related-posts":"","theme-transparent-header-meta":"disabled","adv-header-id-meta":"","stick-header-meta":"","header-above-stick-meta":"","header-main-stick-meta":"","header-below-stick-meta":"","astra-migrate-meta-layouts":"default","ast-page-background-enabled":"default","ast-page-background-meta":{"desktop":{"background-color":"var(--ast-global-color-4)","background-image":"","background-repeat":"repeat","background-position":"center center","background-size":"auto","background-attachment":"scroll","background-type":"","background-media":"","overlay-type":"","overlay-color":"","overlay-opacity":"","overlay-gradient":""},"tablet":{"background-color":"","background-image":"","background-repeat":"repeat","background-position":"center center","background-size":"auto","background-attachment":"scroll","background-type":"","background-media":"","overlay-type":"","overlay-color":"","overlay-opacity":"","overlay-gradient":""},"mobile":{"background-color":"","background-image":"","background-repeat":"repeat","background-position":"center center","background-size":"auto","background-attachment":"scroll","background-type":"","background-media":"","overlay-type":"","overlay-color":"","overlay-opacity":"","overlay-gradient":""}},"ast-content-background-meta":{"desktop":{"background-color":"var(--ast-global-color-5)","background-image":"","background-repeat":"repeat","background-position":"center center","background-size":"auto","background-attachment":"scroll","background-type":"","background-media":"","overlay-type":"","overlay-color":"","overlay-opacity":"","overlay-gradient":""},"tablet":{"background-color":"var(--ast-global-color-5)","background-image":"","background-repeat":"repeat","background-position":"center center","background-size":"auto","background-attachment":"scroll","background-type":"","background-media":"","overlay-type":"","overlay-color":"","overlay-opacity":"","overlay-gradient":""},"mobile":{"background-color":"var(--ast-global-color-5)","background-image":"","background-repeat":"repeat","background-position":"center center","background-size":"auto","background-attachment":"scroll","background-type":"","background-media":"","overlay-type":"","overlay-color":"","overlay-opacity":"","overlay-gradient":""}},"iawp_total_views":263,"footnotes":""},"class_list":["post-1840","page","type-page","status-publish","hentry"],"aioseo_notices":[],"uagb_featured_image_src":{"full":false,"thumbnail":false,"medium":false,"medium_large":false,"large":false,"1536x1536":false,"2048x2048":false,"trp-custom-language-flag":false},"uagb_author_info":{"display_name":"michele.sabbadin@gmail.com","author_link":"https:\/\/packflow.info\/es\/author\/michele-sabbadingmail-com\/"},"uagb_comment_info":0,"uagb_excerpt":null,"_links":{"self":[{"href":"https:\/\/packflow.info\/es\/wp-json\/wp\/v2\/pages\/1840","targetHints":{"allow":["GET"]}}],"collection":[{"href":"https:\/\/packflow.info\/es\/wp-json\/wp\/v2\/pages"}],"about":[{"href":"https:\/\/packflow.info\/es\/wp-json\/wp\/v2\/types\/page"}],"author":[{"embeddable":true,"href":"https:\/\/packflow.info\/es\/wp-json\/wp\/v2\/users\/1"}],"replies":[{"embeddable":true,"href":"https:\/\/packflow.info\/es\/wp-json\/wp\/v2\/comments?post=1840"}],"version-history":[{"count":106,"href":"https:\/\/packflow.info\/es\/wp-json\/wp\/v2\/pages\/1840\/revisions"}],"predecessor-version":[{"id":4931,"href":"https:\/\/packflow.info\/es\/wp-json\/wp\/v2\/pages\/1840\/revisions\/4931"}],"wp:attachment":[{"href":"https:\/\/packflow.info\/es\/wp-json\/wp\/v2\/media?parent=1840"}],"curies":[{"name":"wp","href":"https:\/\/api.w.org\/{rel}","templated":true}]}}